{"id":213,"date":"2022-09-10T08:14:03","date_gmt":"2022-09-10T08:14:03","guid":{"rendered":"https:\/\/giessmann-rolladenbau.at\/?page_id=213"},"modified":"2023-09-23T09:55:08","modified_gmt":"2023-09-23T09:55:08","slug":"offene-stellen","status":"publish","type":"page","link":"https:\/\/giessmann-rolladenbau.at\/index.php\/offene-stellen\/","title":{"rendered":"Offene Stellen"},"content":{"rendered":"\t\t<div data-elementor-type=\"wp-page\" data-elementor-id=\"213\" class=\"elementor elementor-213\" data-elementor-post-type=\"page\">\n\t\t\t\t\t\t\t\t\t<section class=\"elementor-section elementor-top-section elementor-element elementor-element-1f257919 elementor-section-height-min-height elementor-section-content-middle elementor-section-boxed elementor-section-height-default elementor-section-items-middle\" data-id=\"1f257919\" data-element_type=\"section\" data-settings=\"{&quot;background_background&quot;:&quot;classic&quot;}\">\n\t\t\t\t\t\t\t<div class=\"elementor-background-overlay\"><\/div>\n\t\t\t\t\t\t\t<div class=\"elementor-container elementor-column-gap-no\">\n\t\t\t\t\t<div class=\"elementor-column elementor-col-50 elementor-top-column elementor-element elementor-element-24600ac4\" data-id=\"24600ac4\" data-element_type=\"column\">\n\t\t\t<div class=\"elementor-widget-wrap elementor-element-populated\">\n\t\t\t\t\t\t\t\t<div class=\"elementor-element elementor-element-9f9825f elementor-widget elementor-widget-heading\" data-id=\"9f9825f\" data-element_type=\"widget\" data-widget_type=\"heading.default\">\n\t\t\t\t<div class=\"elementor-widget-container\">\n\t\t\t<h5 class=\"elementor-heading-title elementor-size-default\">Offene Stellen<\/h5>\t\t<\/div>\n\t\t\t\t<\/div>\n\t\t\t\t<div class=\"elementor-element elementor-element-3af6d63e elementor-widget elementor-widget-heading\" data-id=\"3af6d63e\" data-element_type=\"widget\" data-widget_type=\"heading.default\">\n\t\t\t\t<div class=\"elementor-widget-container\">\n\t\t\t<h2 class=\"elementor-heading-title elementor-size-default\">Gl\u00fcckliche Mitarbeiter machen Kunden gl\u00fccklich<\/h2>\t\t<\/div>\n\t\t\t\t<\/div>\n\t\t\t\t<div class=\"elementor-element elementor-element-15f539c3 elementor-mobile-align-center elementor-align-left elementor-widget elementor-widget-button\" data-id=\"15f539c3\" data-element_type=\"widget\" data-widget_type=\"button.default\">\n\t\t\t\t<div class=\"elementor-widget-container\">\n\t\t\t\t\t<div class=\"elementor-button-wrapper\">\n\t\t\t<a class=\"elementor-button elementor-button-link elementor-size-sm\" href=\"https:\/\/giessmann-rolladenbau.at\/index.php\/kontakt\/\">\n\t\t\t\t\t\t<span class=\"elementor-button-content-wrapper\">\n\t\t\t\t\t\t<span class=\"elementor-button-text\">Kontakt<\/span>\n\t\t<\/span>\n\t\t\t\t\t<\/a>\n\t\t<\/div>\n\t\t\t\t<\/div>\n\t\t\t\t<\/div>\n\t\t\t\t\t<\/div>\n\t\t<\/div>\n\t\t\t\t<div class=\"elementor-column elementor-col-50 elementor-top-column elementor-element elementor-element-63d5d89d\" data-id=\"63d5d89d\" data-element_type=\"column\">\n\t\t\t<div class=\"elementor-widget-wrap\">\n\t\t\t\t\t\t\t\t\t<\/div>\n\t\t<\/div>\n\t\t\t\t\t\t\t<\/div>\n\t\t<\/section>\n\t\t\t\t<section class=\"elementor-section elementor-top-section elementor-element elementor-element-3ca0f8d elementor-section-boxed elementor-section-height-default elementor-section-height-default\" data-id=\"3ca0f8d\" data-element_type=\"section\" data-settings=\"{&quot;background_background&quot;:&quot;classic&quot;}\">\n\t\t\t\t\t\t<div class=\"elementor-container elementor-column-gap-default\">\n\t\t\t\t\t<div class=\"elementor-column elementor-col-100 elementor-top-column elementor-element elementor-element-4b5c0a02\" data-id=\"4b5c0a02\" data-element_type=\"column\">\n\t\t\t<div class=\"elementor-widget-wrap elementor-element-populated\">\n\t\t\t\t\t\t\t\t<div class=\"elementor-element elementor-element-1c727fdd elementor-widget elementor-widget-heading\" data-id=\"1c727fdd\" data-element_type=\"widget\" data-widget_type=\"heading.default\">\n\t\t\t\t<div class=\"elementor-widget-container\">\n\t\t\t<h4 class=\"elementor-heading-title elementor-size-default\">Wir stellen ein<\/h4>\t\t<\/div>\n\t\t\t\t<\/div>\n\t\t\t\t\t<\/div>\n\t\t<\/div>\n\t\t\t\t\t\t\t<\/div>\n\t\t<\/section>\n\t\t\t\t<section class=\"elementor-section elementor-top-section elementor-element elementor-element-e8762fc elementor-section-boxed elementor-section-height-default elementor-section-height-default\" data-id=\"e8762fc\" data-element_type=\"section\" data-settings=\"{&quot;background_background&quot;:&quot;classic&quot;}\">\n\t\t\t\t\t\t<div class=\"elementor-container elementor-column-gap-default\">\n\t\t\t\t\t<div class=\"elementor-column elementor-col-33 elementor-top-column elementor-element elementor-element-48b773b\" data-id=\"48b773b\" data-element_type=\"column\">\n\t\t\t<div class=\"elementor-widget-wrap\">\n\t\t\t\t\t\t\t\t\t<\/div>\n\t\t<\/div>\n\t\t\t\t<div class=\"elementor-column elementor-col-33 elementor-top-column elementor-element elementor-element-1e93568\" data-id=\"1e93568\" data-element_type=\"column\">\n\t\t\t<div class=\"elementor-widget-wrap elementor-element-populated\">\n\t\t\t\t\t\t\t\t<div class=\"elementor-element elementor-element-fc5423a elementor-widget elementor-widget-heading\" data-id=\"fc5423a\" data-element_type=\"widget\" data-widget_type=\"heading.default\">\n\t\t\t\t<div class=\"elementor-widget-container\">\n\t\t\t<h2 class=\"elementor-heading-title elementor-size-default\">Unser Team<br>ist aktuell vollst\u00e4ndig<\/h2>\t\t<\/div>\n\t\t\t\t<\/div>\n\t\t\t\t\t<\/div>\n\t\t<\/div>\n\t\t\t\t<div class=\"elementor-column elementor-col-33 elementor-top-column elementor-element elementor-element-0a1d001\" data-id=\"0a1d001\" data-element_type=\"column\">\n\t\t\t<div class=\"elementor-widget-wrap\">\n\t\t\t\t\t\t\t\t\t<\/div>\n\t\t<\/div>\n\t\t\t\t\t\t\t<\/div>\n\t\t<\/section>\n\t\t\t\t<section class=\"elementor-section elementor-top-section elementor-element elementor-element-330f6be elementor-section-boxed elementor-section-height-default elementor-section-height-default\" data-id=\"330f6be\" data-element_type=\"section\">\n\t\t\t\t\t\t<div class=\"elementor-container elementor-column-gap-default\">\n\t\t\t\t\t<div class=\"elementor-column elementor-col-100 elementor-top-column elementor-element elementor-element-c1ec116\" data-id=\"c1ec116\" data-element_type=\"column\">\n\t\t\t<div class=\"elementor-widget-wrap elementor-element-populated\">\n\t\t\t\t\t\t\t\t<div class=\"elementor-element elementor-element-11f65dc elementor-widget elementor-widget-spacer\" data-id=\"11f65dc\" data-element_type=\"widget\" data-widget_type=\"spacer.default\">\n\t\t\t\t<div class=\"elementor-widget-container\">\n\t\t\t\t\t<div class=\"elementor-spacer\">\n\t\t\t<div class=\"elementor-spacer-inner\"><\/div>\n\t\t<\/div>\n\t\t\t\t<\/div>\n\t\t\t\t<\/div>\n\t\t\t\t\t<\/div>\n\t\t<\/div>\n\t\t\t\t\t\t\t<\/div>\n\t\t<\/section>\n\t\t\t\t<section class=\"elementor-section elementor-top-section elementor-element elementor-element-21c31ce elementor-section-boxed elementor-section-height-default elementor-section-height-default\" data-id=\"21c31ce\" data-element_type=\"section\">\n\t\t\t\t\t\t<div class=\"elementor-container elementor-column-gap-default\">\n\t\t\t\t\t<div class=\"elementor-column elementor-col-16 elementor-top-column elementor-element elementor-element-055768b\" data-id=\"055768b\" data-element_type=\"column\">\n\t\t\t<div class=\"elementor-widget-wrap\">\n\t\t\t\t\t\t\t\t\t<\/div>\n\t\t<\/div>\n\t\t\t\t<div class=\"elementor-column elementor-col-66 elementor-top-column elementor-element elementor-element-cc3d7d1\" data-id=\"cc3d7d1\" data-element_type=\"column\">\n\t\t\t<div class=\"elementor-widget-wrap elementor-element-populated\">\n\t\t\t\t\t\t\t\t<div class=\"elementor-element elementor-element-083101e elementor-widget elementor-widget-text-editor\" data-id=\"083101e\" data-element_type=\"widget\" data-widget_type=\"text-editor.default\">\n\t\t\t\t<div class=\"elementor-widget-container\">\n\t\t\t\t\t\t\t<p>Ihre Bewerbung richten Sie bitte schriftlich oder per Mail an:<\/p>\t\t\t\t\t\t<\/div>\n\t\t\t\t<\/div>\n\t\t\t\t<section class=\"elementor-section elementor-inner-section elementor-element elementor-element-cf8a94c elementor-section-boxed elementor-section-height-default elementor-section-height-default\" data-id=\"cf8a94c\" data-element_type=\"section\">\n\t\t\t\t\t\t<div class=\"elementor-container elementor-column-gap-default\">\n\t\t\t\t\t<div class=\"elementor-column elementor-col-100 elementor-inner-column elementor-element elementor-element-de480c9\" data-id=\"de480c9\" data-element_type=\"column\">\n\t\t\t<div class=\"elementor-widget-wrap elementor-element-populated\">\n\t\t\t\t\t\t\t\t<div class=\"elementor-element elementor-element-77752de elementor-widget elementor-widget-text-editor\" data-id=\"77752de\" data-element_type=\"widget\" data-widget_type=\"text-editor.default\">\n\t\t\t\t<div class=\"elementor-widget-container\">\n\t\t\t\t\t\t\t<p>Firma Giessmann Rolladenbau<\/p>\t\t\t\t\t\t<\/div>\n\t\t\t\t<\/div>\n\t\t\t\t<div class=\"elementor-element elementor-element-acc6e3d elementor-widget elementor-widget-text-editor\" data-id=\"acc6e3d\" data-element_type=\"widget\" data-widget_type=\"text-editor.default\">\n\t\t\t\t<div class=\"elementor-widget-container\">\n\t\t\t\t\t\t\t<p>Inh. Dominic Gehrer e.U.<br>Dornbirner Stra\u00dfe 10 &#8211; 6890 Lustenau<br><a href=\"mailto:dominic.gehrer@giessmann-rolladenbau.at\">dominic.gehrer@giessmann-rolladenbau.at<\/a><\/p>\t\t\t\t\t\t<\/div>\n\t\t\t\t<\/div>\n\t\t\t\t\t<\/div>\n\t\t<\/div>\n\t\t\t\t\t\t\t<\/div>\n\t\t<\/section>\n\t\t\t\t\t<\/div>\n\t\t<\/div>\n\t\t\t\t<div class=\"elementor-column elementor-col-16 elementor-top-column elementor-element elementor-element-a20f440\" data-id=\"a20f440\" data-element_type=\"column\">\n\t\t\t<div class=\"elementor-widget-wrap\">\n\t\t\t\t\t\t\t\t\t<\/div>\n\t\t<\/div>\n\t\t\t\t\t\t\t<\/div>\n\t\t<\/section>\n\t\t\t\t\t\t\t<\/div>\n\t\t","protected":false},"excerpt":{"rendered":"<p>Offene Stellen Gl\u00fcckliche Mitarbeiter machen Kunden gl\u00fccklich Kontakt Wir stellen ein Unser Teamist aktuell vollst\u00e4ndig Ihre Bewerbung richten Sie bitte schriftlich oder per Mail an: Firma Giessmann Rolladenbau Inh. Dominic Gehrer e.U.Dornbirner Stra\u00dfe 10 &#8211; 6890 Lustenaudominic.gehrer@giessmann-rolladenbau.at<\/p>\n","protected":false},"author":1,"featured_media":0,"parent":0,"menu_order":0,"comment_status":"closed","ping_status":"closed","template":"","meta":{"footnotes":""},"class_list":["post-213","page","type-page","status-publish","hentry"],"yoast_head":"<!-- This site is optimized with the Yoast SEO plugin v21.4 - https:\/\/yoast.com\/wordpress\/plugins\/seo\/ -->\n<title>Offene Stellen - Sonnenschutz<\/title>\n<meta name=\"description\" content=\"Offene Stellen Sonnenschutz\" \/>\n<meta name=\"robots\" content=\"index, follow, max-snippet:-1, max-image-preview:large, max-video-preview:-1\" \/>\n<link rel=\"canonical\" href=\"https:\/\/giessmann-rolladenbau.at\/index.php\/offene-stellen\/\" \/>\n<meta property=\"og:locale\" content=\"de_DE\" \/>\n<meta property=\"og:type\" content=\"article\" \/>\n<meta property=\"og:title\" content=\"Offene Stellen - Sonnenschutz\" \/>\n<meta property=\"og:description\" content=\"Offene Stellen Sonnenschutz\" \/>\n<meta property=\"og:url\" content=\"https:\/\/giessmann-rolladenbau.at\/index.php\/offene-stellen\/\" \/>\n<meta property=\"og:site_name\" content=\"Sonnenschutz\" \/>\n<meta property=\"article:modified_time\" content=\"2023-09-23T09:55:08+00:00\" \/>\n<meta name=\"twitter:card\" content=\"summary_large_image\" \/>\n<script type=\"application\/ld+json\" class=\"yoast-schema-graph\">{\"@context\":\"https:\/\/schema.org\",\"@graph\":[{\"@type\":\"WebPage\",\"@id\":\"https:\/\/giessmann-rolladenbau.at\/index.php\/offene-stellen\/\",\"url\":\"https:\/\/giessmann-rolladenbau.at\/index.php\/offene-stellen\/\",\"name\":\"Offene Stellen - Sonnenschutz\",\"isPartOf\":{\"@id\":\"https:\/\/giessmann-rolladenbau.at\/#website\"},\"datePublished\":\"2022-09-10T08:14:03+00:00\",\"dateModified\":\"2023-09-23T09:55:08+00:00\",\"description\":\"Offene Stellen Sonnenschutz\",\"breadcrumb\":{\"@id\":\"https:\/\/giessmann-rolladenbau.at\/index.php\/offene-stellen\/#breadcrumb\"},\"inLanguage\":\"de\",\"potentialAction\":[{\"@type\":\"ReadAction\",\"target\":[\"https:\/\/giessmann-rolladenbau.at\/index.php\/offene-stellen\/\"]}]},{\"@type\":\"BreadcrumbList\",\"@id\":\"https:\/\/giessmann-rolladenbau.at\/index.php\/offene-stellen\/#breadcrumb\",\"itemListElement\":[{\"@type\":\"ListItem\",\"position\":1,\"name\":\"Startseite\",\"item\":\"https:\/\/giessmann-rolladenbau.at\/\"},{\"@type\":\"ListItem\",\"position\":2,\"name\":\"Offene Stellen\"}]},{\"@type\":\"WebSite\",\"@id\":\"https:\/\/giessmann-rolladenbau.at\/#website\",\"url\":\"https:\/\/giessmann-rolladenbau.at\/\",\"name\":\"Sonnenschutz\",\"description\":\"Von Sichtschutz \u00fcber Markisen und Rolladen bis hin zum Insektenschutz haben wir alles was sie brauchen\",\"publisher\":{\"@id\":\"https:\/\/giessmann-rolladenbau.at\/#organization\"},\"alternateName\":\"Giessmann\",\"potentialAction\":[{\"@type\":\"SearchAction\",\"target\":{\"@type\":\"EntryPoint\",\"urlTemplate\":\"https:\/\/giessmann-rolladenbau.at\/?s={search_term_string}\"},\"query-input\":\"required name=search_term_string\"}],\"inLanguage\":\"de\"},{\"@type\":\"Organization\",\"@id\":\"https:\/\/giessmann-rolladenbau.at\/#organization\",\"name\":\"Giessmann-Rolladenbau\",\"alternateName\":\"Dominic Gehrer\",\"url\":\"https:\/\/giessmann-rolladenbau.at\/\",\"logo\":{\"@type\":\"ImageObject\",\"inLanguage\":\"de\",\"@id\":\"https:\/\/giessmann-rolladenbau.at\/#\/schema\/logo\/image\/\",\"url\":\"https:\/\/giessmann-rolladenbau.at\/wp-content\/uploads\/2022\/06\/Element-7.png\",\"contentUrl\":\"https:\/\/giessmann-rolladenbau.at\/wp-content\/uploads\/2022\/06\/Element-7.png\",\"width\":317,\"height\":126,\"caption\":\"Giessmann-Rolladenbau\"},\"image\":{\"@id\":\"https:\/\/giessmann-rolladenbau.at\/#\/schema\/logo\/image\/\"}}]}<\/script>\n<!-- \/ Yoast SEO plugin. -->","yoast_head_json":{"title":"Offene Stellen - Sonnenschutz","description":"Offene Stellen Sonnenschutz","robots":{"index":"index","follow":"follow","max-snippet":"max-snippet:-1","max-image-preview":"max-image-preview:large","max-video-preview":"max-video-preview:-1"},"canonical":"https:\/\/giessmann-rolladenbau.at\/index.php\/offene-stellen\/","og_locale":"de_DE","og_type":"article","og_title":"Offene Stellen - Sonnenschutz","og_description":"Offene Stellen Sonnenschutz","og_url":"https:\/\/giessmann-rolladenbau.at\/index.php\/offene-stellen\/","og_site_name":"Sonnenschutz","article_modified_time":"2023-09-23T09:55:08+00:00","twitter_card":"summary_large_image","schema":{"@context":"https:\/\/schema.org","@graph":[{"@type":"WebPage","@id":"https:\/\/giessmann-rolladenbau.at\/index.php\/offene-stellen\/","url":"https:\/\/giessmann-rolladenbau.at\/index.php\/offene-stellen\/","name":"Offene Stellen - Sonnenschutz","isPartOf":{"@id":"https:\/\/giessmann-rolladenbau.at\/#website"},"datePublished":"2022-09-10T08:14:03+00:00","dateModified":"2023-09-23T09:55:08+00:00","description":"Offene Stellen Sonnenschutz","breadcrumb":{"@id":"https:\/\/giessmann-rolladenbau.at\/index.php\/offene-stellen\/#breadcrumb"},"inLanguage":"de","potentialAction":[{"@type":"ReadAction","target":["https:\/\/giessmann-rolladenbau.at\/index.php\/offene-stellen\/"]}]},{"@type":"BreadcrumbList","@id":"https:\/\/giessmann-rolladenbau.at\/index.php\/offene-stellen\/#breadcrumb","itemListElement":[{"@type":"ListItem","position":1,"name":"Startseite","item":"https:\/\/giessmann-rolladenbau.at\/"},{"@type":"ListItem","position":2,"name":"Offene Stellen"}]},{"@type":"WebSite","@id":"https:\/\/giessmann-rolladenbau.at\/#website","url":"https:\/\/giessmann-rolladenbau.at\/","name":"Sonnenschutz","description":"Von Sichtschutz \u00fcber Markisen und Rolladen bis hin zum Insektenschutz haben wir alles was sie brauchen","publisher":{"@id":"https:\/\/giessmann-rolladenbau.at\/#organization"},"alternateName":"Giessmann","potentialAction":[{"@type":"SearchAction","target":{"@type":"EntryPoint","urlTemplate":"https:\/\/giessmann-rolladenbau.at\/?s={search_term_string}"},"query-input":"required name=search_term_string"}],"inLanguage":"de"},{"@type":"Organization","@id":"https:\/\/giessmann-rolladenbau.at\/#organization","name":"Giessmann-Rolladenbau","alternateName":"Dominic Gehrer","url":"https:\/\/giessmann-rolladenbau.at\/","logo":{"@type":"ImageObject","inLanguage":"de","@id":"https:\/\/giessmann-rolladenbau.at\/#\/schema\/logo\/image\/","url":"https:\/\/giessmann-rolladenbau.at\/wp-content\/uploads\/2022\/06\/Element-7.png","contentUrl":"https:\/\/giessmann-rolladenbau.at\/wp-content\/uploads\/2022\/06\/Element-7.png","width":317,"height":126,"caption":"Giessmann-Rolladenbau"},"image":{"@id":"https:\/\/giessmann-rolladenbau.at\/#\/schema\/logo\/image\/"}}]}},"_links":{"self":[{"href":"https:\/\/giessmann-rolladenbau.at\/index.php\/wp-json\/wp\/v2\/pages\/213","targetHints":{"allow":["GET"]}}],"collection":[{"href":"https:\/\/giessmann-rolladenbau.at\/index.php\/wp-json\/wp\/v2\/pages"}],"about":[{"href":"https:\/\/giessmann-rolladenbau.at\/index.php\/wp-json\/wp\/v2\/types\/page"}],"author":[{"embeddable":true,"href":"https:\/\/giessmann-rolladenbau.at\/index.php\/wp-json\/wp\/v2\/users\/1"}],"replies":[{"embeddable":true,"href":"https:\/\/giessmann-rolladenbau.at\/index.php\/wp-json\/wp\/v2\/comments?post=213"}],"version-history":[{"count":73,"href":"https:\/\/giessmann-rolladenbau.at\/index.php\/wp-json\/wp\/v2\/pages\/213\/revisions"}],"predecessor-version":[{"id":1315,"href":"https:\/\/giessmann-rolladenbau.at\/index.php\/wp-json\/wp\/v2\/pages\/213\/revisions\/1315"}],"wp:attachment":[{"href":"https:\/\/giessmann-rolladenbau.at\/index.php\/wp-json\/wp\/v2\/media?parent=213"}],"curies":[{"name":"wp","href":"https:\/\/api.w.org\/{rel}","templated":true}]}}