{"id":41,"date":"2022-08-12T16:06:47","date_gmt":"2022-08-12T16:06:47","guid":{"rendered":"https:\/\/giessmann-rolladenbau.at\/?page_id=41"},"modified":"2023-09-23T09:46:30","modified_gmt":"2023-09-23T09:46:30","slug":"impressum","status":"publish","type":"page","link":"https:\/\/giessmann-rolladenbau.at\/index.php\/impressum\/","title":{"rendered":"Impressum"},"content":{"rendered":"\t\t<div data-elementor-type=\"wp-page\" data-elementor-id=\"41\" class=\"elementor elementor-41\" data-elementor-post-type=\"page\">\n\t\t\t\t\t\t\t\t\t<section class=\"elementor-section elementor-top-section elementor-element elementor-element-7b090a62 elementor-section-boxed elementor-section-height-default elementor-section-height-default\" data-id=\"7b090a62\" data-element_type=\"section\" data-settings=\"{&quot;background_background&quot;:&quot;classic&quot;}\">\n\t\t\t\t\t\t<div class=\"elementor-container elementor-column-gap-default\">\n\t\t\t\t\t<div class=\"elementor-column elementor-col-100 elementor-top-column elementor-element elementor-element-2d58450d\" data-id=\"2d58450d\" data-element_type=\"column\">\n\t\t\t<div class=\"elementor-widget-wrap elementor-element-populated\">\n\t\t\t\t\t\t\t\t<div class=\"elementor-element elementor-element-29fd87d elementor-widget elementor-widget-heading\" data-id=\"29fd87d\" data-element_type=\"widget\" data-widget_type=\"heading.default\">\n\t\t\t\t<div class=\"elementor-widget-container\">\n\t\t\t<h4 class=\"elementor-heading-title elementor-size-default\">Impressum<\/h4>\t\t<\/div>\n\t\t\t\t<\/div>\n\t\t\t\t\t<\/div>\n\t\t<\/div>\n\t\t\t\t\t\t\t<\/div>\n\t\t<\/section>\n\t\t\t\t<section class=\"elementor-section elementor-top-section elementor-element elementor-element-d6a5184 elementor-section-boxed elementor-section-height-default elementor-section-height-default\" data-id=\"d6a5184\" data-element_type=\"section\" data-settings=\"{&quot;background_background&quot;:&quot;classic&quot;}\">\n\t\t\t\t\t\t<div class=\"elementor-container elementor-column-gap-default\">\n\t\t\t\t\t<div class=\"elementor-column elementor-col-33 elementor-top-column elementor-element elementor-element-ba0cb1c\" data-id=\"ba0cb1c\" data-element_type=\"column\">\n\t\t\t<div class=\"elementor-widget-wrap\">\n\t\t\t\t\t\t\t\t\t<\/div>\n\t\t<\/div>\n\t\t\t\t<div class=\"elementor-column elementor-col-33 elementor-top-column elementor-element elementor-element-2df1c48\" data-id=\"2df1c48\" data-element_type=\"column\">\n\t\t\t<div class=\"elementor-widget-wrap elementor-element-populated\">\n\t\t\t\t\t\t\t\t<div class=\"elementor-element elementor-element-9779300 elementor-widget elementor-widget-heading\" data-id=\"9779300\" data-element_type=\"widget\" data-widget_type=\"heading.default\">\n\t\t\t\t<div class=\"elementor-widget-container\">\n\t\t\t<h2 class=\"elementor-heading-title elementor-size-default\">Verantwortlich<\/h2>\t\t<\/div>\n\t\t\t\t<\/div>\n\t\t\t\t<div class=\"elementor-element elementor-element-35d9413 elementor-widget elementor-widget-text-editor\" data-id=\"35d9413\" data-element_type=\"widget\" data-widget_type=\"text-editor.default\">\n\t\t\t\t<div class=\"elementor-widget-container\">\n\t\t\t\t\t\t\t<p><strong>Firma Giessmann Rolladenbau<\/strong><br \/>Dornbirner Stra\u00dfe 10<br \/>6890 Lustenau<\/p>\t\t\t\t\t\t<\/div>\n\t\t\t\t<\/div>\n\t\t\t\t<div class=\"elementor-element elementor-element-a75c9ad elementor-widget elementor-widget-text-editor\" data-id=\"a75c9ad\" data-element_type=\"widget\" data-widget_type=\"text-editor.default\">\n\t\t\t\t<div class=\"elementor-widget-container\">\n\t\t\t\t\t\t\t<p>+43 5577 \/ 87142<br>dominic.gehrer@giessmann-rolladenbau.at<br>giessmann-rolladenbau.at<\/p>\t\t\t\t\t\t<\/div>\n\t\t\t\t<\/div>\n\t\t\t\t<div class=\"elementor-element elementor-element-299d680 elementor-widget elementor-widget-text-editor\" data-id=\"299d680\" data-element_type=\"widget\" data-widget_type=\"text-editor.default\">\n\t\t\t\t<div class=\"elementor-widget-container\">\n\t\t\t\t\t\t\t<p><strong>Inhaber<\/strong><br>Dominic Gehrer e.U.<\/p>\t\t\t\t\t\t<\/div>\n\t\t\t\t<\/div>\n\t\t\t\t<div class=\"elementor-element elementor-element-e87f315 elementor-widget elementor-widget-heading\" data-id=\"e87f315\" data-element_type=\"widget\" data-widget_type=\"heading.default\">\n\t\t\t\t<div class=\"elementor-widget-container\">\n\t\t\t<h2 class=\"elementor-heading-title elementor-size-default\">Konzept, Design und Umsetzung<\/h2>\t\t<\/div>\n\t\t\t\t<\/div>\n\t\t\t\t<div class=\"elementor-element elementor-element-bbbf14d elementor-widget elementor-widget-text-editor\" data-id=\"bbbf14d\" data-element_type=\"widget\" data-widget_type=\"text-editor.default\">\n\t\t\t\t<div class=\"elementor-widget-container\">\n\t\t\t\t\t\t\t<strong>Andreas Rambach<\/strong><br>andreas.rambach@gmx.at<br>andreas.rambach.at\t\t\t\t\t\t<\/div>\n\t\t\t\t<\/div>\n\t\t\t\t\t<\/div>\n\t\t<\/div>\n\t\t\t\t<div class=\"elementor-column elementor-col-33 elementor-top-column elementor-element elementor-element-b614d97\" data-id=\"b614d97\" data-element_type=\"column\">\n\t\t\t<div class=\"elementor-widget-wrap\">\n\t\t\t\t\t\t\t\t\t<\/div>\n\t\t<\/div>\n\t\t\t\t\t\t\t<\/div>\n\t\t<\/section>\n\t\t\t\t<section class=\"elementor-section elementor-top-section elementor-element elementor-element-1ef04b6 elementor-section-boxed elementor-section-height-default elementor-section-height-default\" data-id=\"1ef04b6\" data-element_type=\"section\" data-settings=\"{&quot;background_background&quot;:&quot;classic&quot;}\">\n\t\t\t\t\t\t<div class=\"elementor-container elementor-column-gap-default\">\n\t\t\t\t\t<div class=\"elementor-column elementor-col-33 elementor-top-column elementor-element elementor-element-1c8dfe7\" data-id=\"1c8dfe7\" data-element_type=\"column\">\n\t\t\t<div class=\"elementor-widget-wrap\">\n\t\t\t\t\t\t\t\t\t<\/div>\n\t\t<\/div>\n\t\t\t\t<div class=\"elementor-column elementor-col-33 elementor-top-column elementor-element elementor-element-776f40b\" data-id=\"776f40b\" data-element_type=\"column\">\n\t\t\t<div class=\"elementor-widget-wrap elementor-element-populated\">\n\t\t\t\t\t\t\t\t<div class=\"elementor-element elementor-element-0d29a7d elementor-widget elementor-widget-text-editor\" data-id=\"0d29a7d\" data-element_type=\"widget\" data-widget_type=\"text-editor.default\">\n\t\t\t\t<div class=\"elementor-widget-container\">\n\t\t\t\t\t\t\t<strong>Bildnachweis:<\/strong><br>\nDominic Gehrer<br>\nAndreas Rambach<br>\npexels.com\t\t\t\t\t\t<\/div>\n\t\t\t\t<\/div>\n\t\t\t\t<div class=\"elementor-element elementor-element-0bbba2e elementor-widget elementor-widget-text-editor\" data-id=\"0bbba2e\" data-element_type=\"widget\" data-widget_type=\"text-editor.default\">\n\t\t\t\t<div class=\"elementor-widget-container\">\n\t\t\t\t\t\t\t<strong>Haftung f\u00fcr Links<\/strong><br>\nTrotz sorgf\u00e4ltiger inhaltlicher Kontrolle \u00fcbernehmen wir keine Haftung f\u00fcr die Inhalte externer Links. F\u00fcr den Inhalt der verlinkten Seiten sind ausschlie\u00dflich deren Betreiber verantwortlich.\n\t\t\t\t\t\t<\/div>\n\t\t\t\t<\/div>\n\t\t\t\t<div class=\"elementor-element elementor-element-09405e0 elementor-widget elementor-widget-text-editor\" data-id=\"09405e0\" data-element_type=\"widget\" data-widget_type=\"text-editor.default\">\n\t\t\t\t<div class=\"elementor-widget-container\">\n\t\t\t\t\t\t\t<strong>Urheberrechte, Nutzungsbedingungen, Bildmaterial<\/strong><br>\nDer Inhalt dieser Website ist urheberrechtlich gesch\u00fctzt. Bestimmte Inhalte k\u00f6nnen weiters auch den Urheberrechts- und Nutzungsbedingungen von Partnern oder Lieferanten unterliegen.\t\t\t\t\t\t<\/div>\n\t\t\t\t<\/div>\n\t\t\t\t<div class=\"elementor-element elementor-element-92adcdb elementor-widget elementor-widget-text-editor\" data-id=\"92adcdb\" data-element_type=\"widget\" data-widget_type=\"text-editor.default\">\n\t\t\t\t<div class=\"elementor-widget-container\">\n\t\t\t\t\t\t\t<p>Die Bereitstellung von Inhalten und Bildmaterial dieser Website auf anderen Websites ist nur mit ausdr\u00fccklicher Genehmigung gestattet. Die auf dieser Website enthaltenen Angaben werden nach bestem Wissen erstellt und mit gro\u00dfer Sorgfalt auf ihre Richtigkeit \u00fcberpr\u00fcft. Trotzdem sind inhaltliche und sachliche Fehler nicht vollst\u00e4ndig auszuschlie\u00dfen. Wir \u00fcbernehmen keinerlei Garantie und Haftung f\u00fcr die Richtigkeit, Aktualit\u00e4t und Vollst\u00e4ndigkeit der bereitgestellten Informationen. Alle Angaben sind ohne Gew\u00e4hr. Dies gilt auch f\u00fcr alle Links zu anderen URLs, die auf dieser Website genannt werden. <\/p>\t\t\t\t\t\t<\/div>\n\t\t\t\t<\/div>\n\t\t\t\t\t<\/div>\n\t\t<\/div>\n\t\t\t\t<div class=\"elementor-column elementor-col-33 elementor-top-column elementor-element elementor-element-da34f85\" data-id=\"da34f85\" data-element_type=\"column\">\n\t\t\t<div class=\"elementor-widget-wrap\">\n\t\t\t\t\t\t\t\t\t<\/div>\n\t\t<\/div>\n\t\t\t\t\t\t\t<\/div>\n\t\t<\/section>\n\t\t\t\t<section class=\"elementor-section elementor-top-section elementor-element elementor-element-d0ffbee elementor-section-boxed elementor-section-height-default elementor-section-height-default\" data-id=\"d0ffbee\" data-element_type=\"section\">\n\t\t\t\t\t\t<div class=\"elementor-container elementor-column-gap-default\">\n\t\t\t\t\t<div class=\"elementor-column elementor-col-100 elementor-top-column elementor-element elementor-element-65d20ec\" data-id=\"65d20ec\" data-element_type=\"column\">\n\t\t\t<div class=\"elementor-widget-wrap elementor-element-populated\">\n\t\t\t\t\t\t\t\t<div class=\"elementor-element elementor-element-46563e8 elementor-widget elementor-widget-spacer\" data-id=\"46563e8\" data-element_type=\"widget\" data-widget_type=\"spacer.default\">\n\t\t\t\t<div class=\"elementor-widget-container\">\n\t\t\t\t\t<div class=\"elementor-spacer\">\n\t\t\t<div class=\"elementor-spacer-inner\"><\/div>\n\t\t<\/div>\n\t\t\t\t<\/div>\n\t\t\t\t<\/div>\n\t\t\t\t\t<\/div>\n\t\t<\/div>\n\t\t\t\t\t\t\t<\/div>\n\t\t<\/section>\n\t\t\t\t\t\t\t<\/div>\n\t\t","protected":false},"excerpt":{"rendered":"<p>Impressum Verantwortlich Firma Giessmann RolladenbauDornbirner Stra\u00dfe 106890 Lustenau +43 5577 \/ 87142dominic.gehrer@giessmann-rolladenbau.atgiessmann-rolladenbau.at InhaberDominic Gehrer e.U. Konzept, Design und Umsetzung Andreas Rambachandreas.rambach@gmx.atandreas.rambach.atBildnachweis: Dominic Gehrer Andreas Rambach pexels.comHaftung f\u00fcr Links Trotz sorgf\u00e4ltiger inhaltlicher Kontrolle \u00fcbernehmen wir keine Haftung f\u00fcr die Inhalte externer Links. F\u00fcr den Inhalt der verlinkten Seiten sind ausschlie\u00dflich deren Betreiber verantwortlich. Urheberrechte, Nutzungsbedingungen, Bildmaterial [&hellip;]<\/p>\n","protected":false},"author":1,"featured_media":0,"parent":0,"menu_order":0,"comment_status":"closed","ping_status":"closed","template":"","meta":{"footnotes":""},"class_list":["post-41","page","type-page","status-publish","hentry"],"yoast_head":"<!-- This site is optimized with the Yoast SEO plugin v21.4 - https:\/\/yoast.com\/wordpress\/plugins\/seo\/ -->\n<title>Impressum - Sonnenschutz<\/title>\n<meta name=\"description\" content=\"Impressum Sonnenschutz\" \/>\n<meta name=\"robots\" content=\"index, follow, max-snippet:-1, max-image-preview:large, max-video-preview:-1\" \/>\n<link rel=\"canonical\" href=\"https:\/\/giessmann-rolladenbau.at\/index.php\/impressum\/\" \/>\n<meta property=\"og:locale\" content=\"de_DE\" \/>\n<meta property=\"og:type\" content=\"article\" \/>\n<meta property=\"og:title\" content=\"Impressum - Sonnenschutz\" \/>\n<meta property=\"og:description\" content=\"Impressum Sonnenschutz\" \/>\n<meta property=\"og:url\" content=\"https:\/\/giessmann-rolladenbau.at\/index.php\/impressum\/\" \/>\n<meta property=\"og:site_name\" content=\"Sonnenschutz\" \/>\n<meta property=\"article:modified_time\" content=\"2023-09-23T09:46:30+00:00\" \/>\n<meta name=\"twitter:card\" content=\"summary_large_image\" \/>\n<meta name=\"twitter:label1\" content=\"Gesch\u00e4tzte Lesezeit\" \/>\n\t<meta name=\"twitter:data1\" content=\"1\u00a0Minute\" \/>\n<script type=\"application\/ld+json\" class=\"yoast-schema-graph\">{\"@context\":\"https:\/\/schema.org\",\"@graph\":[{\"@type\":\"WebPage\",\"@id\":\"https:\/\/giessmann-rolladenbau.at\/index.php\/impressum\/\",\"url\":\"https:\/\/giessmann-rolladenbau.at\/index.php\/impressum\/\",\"name\":\"Impressum - Sonnenschutz\",\"isPartOf\":{\"@id\":\"https:\/\/giessmann-rolladenbau.at\/#website\"},\"datePublished\":\"2022-08-12T16:06:47+00:00\",\"dateModified\":\"2023-09-23T09:46:30+00:00\",\"description\":\"Impressum Sonnenschutz\",\"breadcrumb\":{\"@id\":\"https:\/\/giessmann-rolladenbau.at\/index.php\/impressum\/#breadcrumb\"},\"inLanguage\":\"de\",\"potentialAction\":[{\"@type\":\"ReadAction\",\"target\":[\"https:\/\/giessmann-rolladenbau.at\/index.php\/impressum\/\"]}]},{\"@type\":\"BreadcrumbList\",\"@id\":\"https:\/\/giessmann-rolladenbau.at\/index.php\/impressum\/#breadcrumb\",\"itemListElement\":[{\"@type\":\"ListItem\",\"position\":1,\"name\":\"Startseite\",\"item\":\"https:\/\/giessmann-rolladenbau.at\/\"},{\"@type\":\"ListItem\",\"position\":2,\"name\":\"Impressum\"}]},{\"@type\":\"WebSite\",\"@id\":\"https:\/\/giessmann-rolladenbau.at\/#website\",\"url\":\"https:\/\/giessmann-rolladenbau.at\/\",\"name\":\"Sonnenschutz\",\"description\":\"Von Sichtschutz \u00fcber Markisen und Rolladen bis hin zum Insektenschutz haben wir alles was sie brauchen\",\"publisher\":{\"@id\":\"https:\/\/giessmann-rolladenbau.at\/#organization\"},\"alternateName\":\"Giessmann\",\"potentialAction\":[{\"@type\":\"SearchAction\",\"target\":{\"@type\":\"EntryPoint\",\"urlTemplate\":\"https:\/\/giessmann-rolladenbau.at\/?s={search_term_string}\"},\"query-input\":\"required name=search_term_string\"}],\"inLanguage\":\"de\"},{\"@type\":\"Organization\",\"@id\":\"https:\/\/giessmann-rolladenbau.at\/#organization\",\"name\":\"Giessmann-Rolladenbau\",\"alternateName\":\"Dominic Gehrer\",\"url\":\"https:\/\/giessmann-rolladenbau.at\/\",\"logo\":{\"@type\":\"ImageObject\",\"inLanguage\":\"de\",\"@id\":\"https:\/\/giessmann-rolladenbau.at\/#\/schema\/logo\/image\/\",\"url\":\"https:\/\/giessmann-rolladenbau.at\/wp-content\/uploads\/2022\/06\/Element-7.png\",\"contentUrl\":\"https:\/\/giessmann-rolladenbau.at\/wp-content\/uploads\/2022\/06\/Element-7.png\",\"width\":317,\"height\":126,\"caption\":\"Giessmann-Rolladenbau\"},\"image\":{\"@id\":\"https:\/\/giessmann-rolladenbau.at\/#\/schema\/logo\/image\/\"}}]}<\/script>\n<!-- \/ Yoast SEO plugin. -->","yoast_head_json":{"title":"Impressum - Sonnenschutz","description":"Impressum Sonnenschutz","robots":{"index":"index","follow":"follow","max-snippet":"max-snippet:-1","max-image-preview":"max-image-preview:large","max-video-preview":"max-video-preview:-1"},"canonical":"https:\/\/giessmann-rolladenbau.at\/index.php\/impressum\/","og_locale":"de_DE","og_type":"article","og_title":"Impressum - Sonnenschutz","og_description":"Impressum Sonnenschutz","og_url":"https:\/\/giessmann-rolladenbau.at\/index.php\/impressum\/","og_site_name":"Sonnenschutz","article_modified_time":"2023-09-23T09:46:30+00:00","twitter_card":"summary_large_image","twitter_misc":{"Gesch\u00e4tzte Lesezeit":"1\u00a0Minute"},"schema":{"@context":"https:\/\/schema.org","@graph":[{"@type":"WebPage","@id":"https:\/\/giessmann-rolladenbau.at\/index.php\/impressum\/","url":"https:\/\/giessmann-rolladenbau.at\/index.php\/impressum\/","name":"Impressum - Sonnenschutz","isPartOf":{"@id":"https:\/\/giessmann-rolladenbau.at\/#website"},"datePublished":"2022-08-12T16:06:47+00:00","dateModified":"2023-09-23T09:46:30+00:00","description":"Impressum Sonnenschutz","breadcrumb":{"@id":"https:\/\/giessmann-rolladenbau.at\/index.php\/impressum\/#breadcrumb"},"inLanguage":"de","potentialAction":[{"@type":"ReadAction","target":["https:\/\/giessmann-rolladenbau.at\/index.php\/impressum\/"]}]},{"@type":"BreadcrumbList","@id":"https:\/\/giessmann-rolladenbau.at\/index.php\/impressum\/#breadcrumb","itemListElement":[{"@type":"ListItem","position":1,"name":"Startseite","item":"https:\/\/giessmann-rolladenbau.at\/"},{"@type":"ListItem","position":2,"name":"Impressum"}]},{"@type":"WebSite","@id":"https:\/\/giessmann-rolladenbau.at\/#website","url":"https:\/\/giessmann-rolladenbau.at\/","name":"Sonnenschutz","description":"Von Sichtschutz \u00fcber Markisen und Rolladen bis hin zum Insektenschutz haben wir alles was sie brauchen","publisher":{"@id":"https:\/\/giessmann-rolladenbau.at\/#organization"},"alternateName":"Giessmann","potentialAction":[{"@type":"SearchAction","target":{"@type":"EntryPoint","urlTemplate":"https:\/\/giessmann-rolladenbau.at\/?s={search_term_string}"},"query-input":"required name=search_term_string"}],"inLanguage":"de"},{"@type":"Organization","@id":"https:\/\/giessmann-rolladenbau.at\/#organization","name":"Giessmann-Rolladenbau","alternateName":"Dominic Gehrer","url":"https:\/\/giessmann-rolladenbau.at\/","logo":{"@type":"ImageObject","inLanguage":"de","@id":"https:\/\/giessmann-rolladenbau.at\/#\/schema\/logo\/image\/","url":"https:\/\/giessmann-rolladenbau.at\/wp-content\/uploads\/2022\/06\/Element-7.png","contentUrl":"https:\/\/giessmann-rolladenbau.at\/wp-content\/uploads\/2022\/06\/Element-7.png","width":317,"height":126,"caption":"Giessmann-Rolladenbau"},"image":{"@id":"https:\/\/giessmann-rolladenbau.at\/#\/schema\/logo\/image\/"}}]}},"_links":{"self":[{"href":"https:\/\/giessmann-rolladenbau.at\/index.php\/wp-json\/wp\/v2\/pages\/41","targetHints":{"allow":["GET"]}}],"collection":[{"href":"https:\/\/giessmann-rolladenbau.at\/index.php\/wp-json\/wp\/v2\/pages"}],"about":[{"href":"https:\/\/giessmann-rolladenbau.at\/index.php\/wp-json\/wp\/v2\/types\/page"}],"author":[{"embeddable":true,"href":"https:\/\/giessmann-rolladenbau.at\/index.php\/wp-json\/wp\/v2\/users\/1"}],"replies":[{"embeddable":true,"href":"https:\/\/giessmann-rolladenbau.at\/index.php\/wp-json\/wp\/v2\/comments?post=41"}],"version-history":[{"count":34,"href":"https:\/\/giessmann-rolladenbau.at\/index.php\/wp-json\/wp\/v2\/pages\/41\/revisions"}],"predecessor-version":[{"id":1306,"href":"https:\/\/giessmann-rolladenbau.at\/index.php\/wp-json\/wp\/v2\/pages\/41\/revisions\/1306"}],"wp:attachment":[{"href":"https:\/\/giessmann-rolladenbau.at\/index.php\/wp-json\/wp\/v2\/media?parent=41"}],"curies":[{"name":"wp","href":"https:\/\/api.w.org\/{rel}","templated":true}]}}